{"id":4501,"date":"2019-03-18T18:25:01","date_gmt":"2019-03-18T18:25:01","guid":{"rendered":"http:\/\/www.neopersona.es\/?page_id=4501"},"modified":"2019-05-07T22:15:55","modified_gmt":"2019-05-07T22:15:55","slug":"4501-2","status":"publish","type":"page","link":"https:\/\/www.neopersona.es\/index.php\/4501-2\/","title":{"rendered":"Metodo"},"content":{"rendered":"<div class=\"wpb-content-wrapper\"><p>[vc_row][vc_column][lab_scroll_box]Trabajamos en sesiones individuales y\/o grupales. \u00c9stas son nuestras propuestas:[\/lab_scroll_box][vc_tta_tabs style=&#8221;modern&#8221; color=&#8221;orange&#8221; spacing=&#8221;3&#8243; alignment=&#8221;center&#8221; active_section=&#8221;1&#8243; title=&#8221;M\u00e9todo&#8221;][vc_tta_section title=&#8221;Feedback 360\u00ba y Evaluaci\u00f3n de potencial&#8221; tab_id=&#8221;1552933552871-27047f0c-87be&#8221;][lab_scroll_box scroll_height=&#8221;2000&#8243; css=&#8221;.vc_custom_1553387103312{padding-top: 50px !important;padding-bottom: 200px !important;}&#8221;]Evaluaci\u00f3n de los comportamientos, habilidades y competencias de un empleado <strong>realizado por personas de su entorno<\/strong>.<\/p>\n<p>Se busca dar una <strong>perspectiva integral de la persona en su \u00e1mbito laboral<\/strong>, abordando todas sus relaciones y no solo la que mantiene con sus superiores. proporciona una valiosa herramienta de autoconocimiento profesional, que puede utilizarse como base para la mejora y el desarrollo de la carrera y que facilita la creaci\u00f3n de un entorno de trabajo positivo.[\/lab_scroll_box][\/vc_tta_section][vc_tta_section title=&#8221;Coaching&#8221; tab_id=&#8221;1552932695241-02f7aa1c-273e&#8221;][lab_scroll_box css=&#8221;.vc_custom_1557266872574{padding-top: 50px !important;padding-bottom: 200px !important;}&#8221;]&#8221;El coaching profesional consiste en una relaci\u00f3n profesional continuada que ayuda a obtener resultados extraordinarios en la vida, profesi\u00f3n, empresa o negocios de las personas. Mediante el proceso de coaching, el cliente profundiza en su conocimiento, aumenta su rendimiento y mejora su calidad de vida&#8221; (ICF. International Coach Federation).<\/p>\n<p><em>\u201cNuestra actitud determina nuestra altitud\u201d <\/em>(Frase acu\u00f1ada por escaladores)<\/p>\n<ul>\n<li>Aplicado al entorno organizacional<\/li>\n<li>Sist\u00e9mico (grupal y de equipos). Aplicado al entorno organizacional<\/li>\n<li>Aplicado al entorno de la persona.<\/li>\n<\/ul>\n<p>[\/lab_scroll_box][\/vc_tta_section][vc_tta_section title=&#8221;Mentoring&#8221; tab_id=&#8221;1552932695241-a8aba539-cdd6&#8243;][lab_scroll_box scroll_height=&#8221;2000&#8243; css=&#8221;.vc_custom_1557261303908{padding-top: 50px !important;padding-bottom: 200px !important;}&#8221;]&#8221;Proceso de desarrollo que implica una transferencia de habilidad o conocimiento de una persona m\u00e1s experimentada a otra con menos experiencia, a trav\u00e9s de conversaciones de aprendizaje y modelado de roles&#8221;. (AMCES, Asociaci\u00f3n Espa\u00f1ola de Mentores).<\/p>\n<p><em>Seg\u00fan La Odisea, Mentor fue el amigo que escogi\u00f3 Ulises para, en su ausencia, <\/em><\/p>\n<p><em>dar consejos a su hijo Tel\u00e9maco y guiarle en la vida<\/em>[\/lab_scroll_box][\/vc_tta_section][vc_tta_section title=&#8221;Psicoterapia&#8221; tab_id=&#8221;1552933542567-bf872c48-b2fd&#8221;][lab_scroll_box scroll_height=&#8221;2000&#8243;]<\/p>\n<ul>\n<li>Psicoterapia<\/li>\n<\/ul>\n<p>Proceso de autoconocimiento y toma de conciencia personal que favorece cambios de actitud, retos en relaci\u00f3n a la responsabilidad y el compromiso hacia la persona misma, equilibrio de su vida y su bienestar.<\/p>\n<p><em>\u201cLa satisfacci\u00f3n de la necesidad de autoestima conduce a sentimientos de autoconfianza, <\/em><\/p>\n<p><em>val\u00eda, fuerza, capacidad y suficiencia, de ser \u00fatil y necesario en el mundo\u201d. <\/em>(<a href=\"https:\/\/www.psicoactiva.com\/blog\/frases-de-abraham-maslow\/\">A. Maslow<\/a>)<\/p>\n<p>&nbsp;<\/p>\n<ul>\n<li>PNL (Programaci\u00f3n Neuroling\u00fc\u00edstica).<\/li>\n<\/ul>\n<p>Es un modelo acerca de c\u00f3mo trabaja nuestro cerebro, c\u00f3mo afecta en ello nuestro lenguaje y c\u00f3mo usar este conocimiento para programarnos a nosotros mismos en el sentido de lograr que, lo que hacemos, resulte f\u00e1cil y al mismo tiempo eficiente.<\/p>\n<p>El nombre se refiere a tres aspectos b\u00e1sicos de la experiencia humana:<\/p>\n<p><em>Programaci\u00f3n:<\/em>\u00a0los programas mentales y de comportamiento, por medio de los cuales organizamos nuestra experiencia para conseguir los objetivos que deseamos<\/p>\n<p><em>Neuro:<\/em> el sistema nervioso, fuente e instrumento de nuestras percepciones y de nuestra experiencia de vivir y actuar en el mundo.<\/p>\n<p><em>Ling\u00fc\u00edstica:<\/em> el lenguaje, nos permite codificar y expresar simb\u00f3licamente nuestras experiencias.<\/p>\n<p><em>\u201cVivimos en una cultura que cree que la mayor parte de todo lo que hacemos lo hacemos de forma consciente y, sin embargo, la mayor parte de lo que hacemos, y lo que hacemos mejor, lo hacemos de forma inconsciente<\/em>\u201d. John Grinder<\/p>\n<p>&nbsp;<\/p>\n<ul>\n<li>Mindfulness<\/li>\n<\/ul>\n<p>Con esta disciplina, se entrena la capacidad de estar plenamente presente y resolver los retos que aparecen de forma constante en el entorno profesional y personal.<\/p>\n<p>Mejora la capacidad de an\u00e1lisis y comprensi\u00f3n para afrontar la dificultad y la rapidez que exige el mercado. Aporta recursos para gestionar el estr\u00e9s, los procesos de cambio y mejorar la capacidad para desarrollar relaciones interpersonales positivas.<\/p>\n<p><em>\u201cPrestar atenci\u00f3n de manera intencional al momento presente, sin juzgar\u201d.<\/em> Dr. Jon Kabat-Zinn<\/p>\n<p>&nbsp;<\/p>\n<ul>\n<li>Brainspotting y EMDR<\/li>\n<\/ul>\n<p>Cualquier experiencia estresante que consideremos una amenaza para nuestro bienestar puede convertirse en un trauma. Con estas t\u00e9cnicas (Brainspotting y EMDR) se produce una integraci\u00f3n de las zonas relacionadas con la informaci\u00f3n visual y somatosensorial, facilitando el procesamiento a nivel t\u00e1lamo-cortical de la <a href=\"https:\/\/www.elpradopsicologos.es\/traumas\/estres-postraumatico\/\">experiencia traum\u00e1tica<\/a>. B\u00e1sicamente, la memoria se reajusta equilibrando los grados de ansiedad y angustia y dando paso al bienestar de la persona, liberando el trauma.<\/p>\n<p>&nbsp;[\/lab_scroll_box][\/vc_tta_section][vc_tta_section title=&#8221;Formaci\u00f3n en habilidades directivas&#8221; tab_id=&#8221;1552933558144-ea56cab6-8f36&#8243;][lab_scroll_box scroll_height=&#8221;2000&#8243; css=&#8221;.vc_custom_1553387364544{padding-top: 50px !important;padding-bottom: 200px !important;}&#8221;]Talleres interactivos y pr\u00e1cticos. Nos proponemos retar a los participantes para que, coloc\u00e1ndose en el papel de \u201cobservadores de s\u00ed mismos\u201d, encuentren aquello que necesitan desaprender, aprender de nuevo y practicar.<\/p>\n<p>Formato vivencial e interactivo, entre los participantes.<\/p>\n<p><em>\u201cSiempre que ense\u00f1es, ense\u00f1a a la vez a dudar de lo que ense\u00f1as\u201d<\/em>. Jos\u00e9 Ortega y Gasset[\/lab_scroll_box][\/vc_tta_section][\/vc_tta_tabs][\/vc_column][\/vc_row]<\/p>\n<\/div>","protected":false},"excerpt":{"rendered":"<p>[vc_row][vc_column][lab_scroll_box]Trabajamos en sesiones individuales y\/o grupales. \u00c9stas son nuestras propuestas:[\/lab_scroll_box][vc_tta_tabs style=&#8221;modern&#8221; color=&#8221;orange&#8221; spacing=&#8221;3&#8243; alignment=&#8221;center&#8221; active_section=&#8221;1&#8243; title=&#8221;M\u00e9todo&#8221;][vc_tta_section title=&#8221;Feedback 360\u00ba y Evaluaci\u00f3n de potencial&#8221; tab_id=&#8221;1552933552871-27047f0c-87be&#8221;][lab_scroll_box scroll_height=&#8221;2000&#8243; css=&#8221;.vc_custom_1553387103312{padding-top: 50px !important;padding-bottom: 200px !important;}&#8221;]Evaluaci\u00f3n de los comportamientos, habilidades y competencias de un empleado realizado por personas de su entorno. Se busca dar una perspectiva integral de la persona en su&hellip;<\/p>\n","protected":false},"author":1,"featured_media":0,"parent":0,"menu_order":0,"comment_status":"closed","ping_status":"closed","template":"","meta":{"_acf_changed":false,"footnotes":""},"class_list":["post-4501","page","type-page","status-publish","hentry"],"acf":[],"_links":{"self":[{"href":"https:\/\/www.neopersona.es\/index.php\/wp-json\/wp\/v2\/pages\/4501","targetHints":{"allow":["GET"]}}],"collection":[{"href":"https:\/\/www.neopersona.es\/index.php\/wp-json\/wp\/v2\/pages"}],"about":[{"href":"https:\/\/www.neopersona.es\/index.php\/wp-json\/wp\/v2\/types\/page"}],"author":[{"embeddable":true,"href":"https:\/\/www.neopersona.es\/index.php\/wp-json\/wp\/v2\/users\/1"}],"replies":[{"embeddable":true,"href":"https:\/\/www.neopersona.es\/index.php\/wp-json\/wp\/v2\/comments?post=4501"}],"version-history":[{"count":20,"href":"https:\/\/www.neopersona.es\/index.php\/wp-json\/wp\/v2\/pages\/4501\/revisions"}],"predecessor-version":[{"id":4749,"href":"https:\/\/www.neopersona.es\/index.php\/wp-json\/wp\/v2\/pages\/4501\/revisions\/4749"}],"wp:attachment":[{"href":"https:\/\/www.neopersona.es\/index.php\/wp-json\/wp\/v2\/media?parent=4501"}],"curies":[{"name":"wp","href":"https:\/\/api.w.org\/{rel}","templated":true}]}}