{"id":4485,"date":"2019-03-17T23:13:47","date_gmt":"2019-03-17T23:13:47","guid":{"rendered":"http:\/\/www.neopersona.es\/?page_id=4485"},"modified":"2019-05-07T21:53:26","modified_gmt":"2019-05-07T21:53:26","slug":"nosotros","status":"publish","type":"page","link":"https:\/\/www.neopersona.es\/index.php\/nosotros\/","title":{"rendered":"Nosotros"},"content":{"rendered":"<div class=\"wpb-content-wrapper\"><p>[vc_row][vc_column][vc_empty_space height=&#8221;100px&#8221;][vc_column_text]Somos un equipo de profesionales compuesto por psic\u00f3logos, educadores, pedagogos, psicoterapeutas, coaches,\u00a0 consultores, formadores y dedicamos nuestro d\u00eda a d\u00eda, conocimientos, experiencia y pasi\u00f3n a mejorar y aportar bienestar en las personas y las organizaciones.<\/p>\n<p>[\/vc_column_text][vc_single_image image=&#8221;4268&#8243; img_size=&#8221;large&#8221; alignment=&#8221;center&#8221;][\/vc_column][\/vc_row][vc_row][vc_column][vc_empty_space height=&#8221;100&#8243;][\/vc_column][\/vc_row]<\/p>\n<!-- \/wp:post-content --><\/div>","protected":false},"excerpt":{"rendered":"<p>[vc_row][vc_column][vc_empty_space height=&#8221;100px&#8221;][vc_column_text]Somos un equipo de profesionales compuesto por psic\u00f3logos, educadores, pedagogos, psicoterapeutas, coaches,\u00a0 consultores, formadores y dedicamos nuestro d\u00eda a d\u00eda, conocimientos, experiencia y pasi\u00f3n a mejorar y aportar bienestar en las personas y las organizaciones. [\/vc_column_text][vc_single_image image=&#8221;4268&#8243; img_size=&#8221;large&#8221; alignment=&#8221;center&#8221;][\/vc_column][\/vc_row][vc_row][vc_column][vc_empty_space height=&#8221;100&#8243;][\/vc_column][\/vc_row]<\/p>\n","protected":false},"author":1,"featured_media":0,"parent":0,"menu_order":0,"comment_status":"closed","ping_status":"closed","template":"","meta":{"_acf_changed":false,"footnotes":""},"class_list":["post-4485","page","type-page","status-publish","hentry"],"acf":[],"_links":{"self":[{"href":"https:\/\/www.neopersona.es\/index.php\/wp-json\/wp\/v2\/pages\/4485","targetHints":{"allow":["GET"]}}],"collection":[{"href":"https:\/\/www.neopersona.es\/index.php\/wp-json\/wp\/v2\/pages"}],"about":[{"href":"https:\/\/www.neopersona.es\/index.php\/wp-json\/wp\/v2\/types\/page"}],"author":[{"embeddable":true,"href":"https:\/\/www.neopersona.es\/index.php\/wp-json\/wp\/v2\/users\/1"}],"replies":[{"embeddable":true,"href":"https:\/\/www.neopersona.es\/index.php\/wp-json\/wp\/v2\/comments?post=4485"}],"version-history":[{"count":15,"href":"https:\/\/www.neopersona.es\/index.php\/wp-json\/wp\/v2\/pages\/4485\/revisions"}],"predecessor-version":[{"id":4741,"href":"https:\/\/www.neopersona.es\/index.php\/wp-json\/wp\/v2\/pages\/4485\/revisions\/4741"}],"wp:attachment":[{"href":"https:\/\/www.neopersona.es\/index.php\/wp-json\/wp\/v2\/media?parent=4485"}],"curies":[{"name":"wp","href":"https:\/\/api.w.org\/{rel}","templated":true}]}}