{"id":3359,"date":"2015-03-19T17:54:23","date_gmt":"2015-03-19T17:54:23","guid":{"rendered":"http:\/\/demo-content.kaliumtheme.com\/main\/?page_id=3359"},"modified":"2019-05-07T22:35:30","modified_gmt":"2019-05-07T22:35:30","slug":"home","status":"publish","type":"page","link":"https:\/\/www.neopersona.es\/","title":{"rendered":"Home"},"content":{"rendered":"<div class=\"wpb-content-wrapper\"><p>[vc_row full_width=&#8221;stretch_row_content_no_spaces&#8221;][vc_column]\n\t\t\t\t<p class=\"rs-p-wp-fix\"><\/p>\n\t\t\t\t<sr7-module data-alias=\"homepage\" data-id=\"8\" id=\"SR7_8_1\" data-version=\"6.7.52\">\n\t\t\t\t\t<sr7-adjuster><\/sr7-adjuster>\n\t\t\t\t\t<sr7-content>\n\t\t\t\t\t\t<sr7-slide id=\"SR7_8_1-21\" data-key=\"21\">\n\t\t\t\t\t\t\t<sr7-txt id=\"SR7_8_1-21-1\" class=\"sr7-layer\">Explora nuevos horizontes \n<\/sr7-txt>\n\t\t\t\t\t\t\t<sr7-txt id=\"SR7_8_1-21-8\" class=\"sr7-layer\">\t\t\t\t\t\t\t\n\t\t\t\t\t\t\t<span>\n\t\t\t\t\t\t\t<\/span>\t\t\t\t\t\t\t\n\t\t\t\t\t\t<\/sr7-txt>\n\t\t\t\t\t\t\t<sr7-txt id=\"SR7_8_1-21-11\" class=\"sr7-layer\">\ny encuentra el camino al \u00e9xito...<\/sr7-txt>\n\t\t\t\t\t\t<\/sr7-slide>\n\t\t\t\t\t\t<sr7-slide id=\"SR7_8_1-22\" data-key=\"22\">\n\t\t\t\t\t\t\t<sr7-bg id=\"SR7_8_1-22-slidebg\" class=\"sr7-layer\"><noscript><img decoding=\"async\" src=\"https:\/\/www.neopersona.es\/wp-content\/uploads\/2019\/03\/grupo-negocios-hablando-reunion_53876-26417.jpg\" alt=\"\" title=\"Home\"><\/noscript><\/sr7-bg>\n\t\t\t\t\t\t\t<sr7-txt id=\"SR7_8_1-22-7\" class=\"sr7-layer\">Exceeding expectations \n\n<\/sr7-txt>\n\t\t\t\t\t\t\t<sr7-txt id=\"SR7_8_1-22-13\" class=\"sr7-layer\">\t\t\t\t\t\t\t\n\t\t\t\t\t\t\t<span>\n\t\t\t\t\t\t\t<\/span>\t\t\t\t\t\t\t\n\t\t\t\t\t\t<\/sr7-txt>\n\t\t\t\t\t\t\t<sr7-txt id=\"SR7_8_1-22-15\" class=\"sr7-layer\">Empresa Saludable<\/sr7-txt>\n\t\t\t\t\t\t<\/sr7-slide>\n\t\t\t\t\t\t<sr7-slide id=\"SR7_8_1-20\" data-key=\"20\">\n\t\t\t\t\t\t\t<sr7-bg id=\"SR7_8_1-20-slidebg\" class=\"sr7-layer\"><noscript><img decoding=\"async\" src=\"https:\/\/www.neopersona.es\/wp-content\/uploads\/2019\/03\/nuestra_diferencia_orange-v2.jpg\" alt=\"\" title=\"Home\"><\/noscript><\/sr7-bg>\n\t\t\t\t\t\t\t<sr7-txt id=\"SR7_8_1-20-2\" class=\"sr7-layer\">Desarollo de talento<\/sr7-txt>\n\t\t\t\t\t\t\t<sr7-txt id=\"SR7_8_1-20-3\" class=\"sr7-layer\">The puzzle to your success. \n\n<\/sr7-txt>\n\t\t\t\t\t\t\t<sr7-txt id=\"SR7_8_1-20-9\" class=\"sr7-layer\">\t\t\t\t\t\t\t\n\t\t\t\t\t\t\t<span>\n\t\t\t\t\t\t\t<\/span>\t\t\t\t\t\t\t\n\t\t\t\t\t\t<\/sr7-txt>\n\t\t\t\t\t\t<\/sr7-slide>\n\t\t\t\t\t\t<sr7-slide id=\"SR7_8_1-27\" data-key=\"27\">\n\t\t\t\t\t\t<\/sr7-slide>\n\t\t\t\t\t<\/sr7-content>\n\t\t\t\t<\/sr7-module>\n\t\t\t\t<script>\n\t\t\t\t\twindow.SR7 ??={};SR7.PMH ??={}; SR7.PMH[\"SR7_8_1\"] = {cn:100,state:false,fn: function() { if (window._tpt!==undefined && window._tpt.prepareModuleHeight !== undefined) {  _tpt.prepareModuleHeight({id:\"SR7_8_1\",el:[],type:'standard',shdw:'0',gh:[700,768,960,720],gw:[1140,1024,778,480],vpt:['-200px'],size:{fullWidth:true, fullHeight:true},offsetContainer:'',offset:'',mh:'0',onh:0,onw:0,bg:{color:'#eeeeee'},plType:'2',plColor:'#FFFFFF'});   SR7.PMH[\"SR7_8_1\"].state=true;} else if(SR7.PMH[\"SR7_8_1\"].cn-->0)\tsetTimeout( SR7.PMH[\"SR7_8_1\"].fn,19);}};SR7.PMH[\"SR7_8_1\" ].fn();\n\t\t\t\t<\/script>\n[\/vc_column][\/vc_row][vc_row no_bottom_margin=&#8221;yes&#8221; css=&#8221;.vc_custom_1449169318558{padding-top: 40px !important;padding-bottom: 40px !important;background-color: #ffffff !important;}&#8221;][vc_column css=&#8221;.vc_custom_1498251402115{padding-top: 0px !important;}&#8221;][vc_column_text]Impulsamos el desarrollo y bienestar de la persona y los equipos, desde un enfoque integral. Lo que afecta en cualquiera de los tres centros de inteligencia del ser humano (mente, cuerpo y emoci\u00f3n), repercute tambi\u00e9n en el rendimiento, implicaci\u00f3n, compromiso y resultado que la persona tiene en su trabajo.<\/p>\n<p>Te invitamos a conocer nuestros programas, talleres, seminarios:[\/vc_column_text][lab_portfolio_items title=&#8221;Cat\u00e1logo:&#8221; dynamic_image_height=&#8221;yes&#8221; pagination_type=&#8221;endless&#8221; portfolio_query=&#8221;size:8|order_by:date|post_type:portfolio&#8221;][\/vc_column][\/vc_row][vc_row][vc_column][vc_column_text][\/vc_column_text][\/vc_column][\/vc_row][vc_row][vc_column][\/vc_column][\/vc_row]<\/p>\n<!-- \/wp:post-content --><\/div>","protected":false},"excerpt":{"rendered":"<p>[vc_row full_width=&#8221;stretch_row_content_no_spaces&#8221;][vc_column][\/vc_column][\/vc_row][vc_row no_bottom_margin=&#8221;yes&#8221; css=&#8221;.vc_custom_1449169318558{padding-top: 40px !important;padding-bottom: 40px !important;background-color: #ffffff !important;}&#8221;][vc_column css=&#8221;.vc_custom_1498251402115{padding-top: 0px !important;}&#8221;][vc_column_text]Impulsamos el desarrollo y bienestar de la persona y los equipos, desde un enfoque integral. Lo que afecta en cualquiera de los tres centros de inteligencia del ser humano (mente, cuerpo y emoci\u00f3n), repercute tambi\u00e9n en el rendimiento, implicaci\u00f3n, compromiso y resultado que&hellip;<\/p>\n","protected":false},"author":2,"featured_media":0,"parent":0,"menu_order":0,"comment_status":"open","ping_status":"open","template":"","meta":{"_acf_changed":false,"footnotes":""},"class_list":["post-3359","page","type-page","status-publish","hentry"],"acf":[],"_links":{"self":[{"href":"https:\/\/www.neopersona.es\/index.php\/wp-json\/wp\/v2\/pages\/3359","targetHints":{"allow":["GET"]}}],"collection":[{"href":"https:\/\/www.neopersona.es\/index.php\/wp-json\/wp\/v2\/pages"}],"about":[{"href":"https:\/\/www.neopersona.es\/index.php\/wp-json\/wp\/v2\/types\/page"}],"author":[{"embeddable":true,"href":"https:\/\/www.neopersona.es\/index.php\/wp-json\/wp\/v2\/users\/2"}],"replies":[{"embeddable":true,"href":"https:\/\/www.neopersona.es\/index.php\/wp-json\/wp\/v2\/comments?post=3359"}],"version-history":[{"count":20,"href":"https:\/\/www.neopersona.es\/index.php\/wp-json\/wp\/v2\/pages\/3359\/revisions"}],"predecessor-version":[{"id":4751,"href":"https:\/\/www.neopersona.es\/index.php\/wp-json\/wp\/v2\/pages\/3359\/revisions\/4751"}],"wp:attachment":[{"href":"https:\/\/www.neopersona.es\/index.php\/wp-json\/wp\/v2\/media?parent=3359"}],"curies":[{"name":"wp","href":"https:\/\/api.w.org\/{rel}","templated":true}]}}