{"id":2167,"date":"2015-03-12T14:52:34","date_gmt":"2015-03-12T14:52:34","guid":{"rendered":"http:\/\/demo-content.kaliumtheme.com\/main\/?page_id=2167"},"modified":"2019-03-17T23:07:36","modified_gmt":"2019-03-17T23:07:36","slug":"about-me","status":"publish","type":"page","link":"https:\/\/www.neopersona.es\/index.php\/about-me\/","title":{"rendered":"About Me"},"content":{"rendered":"<div class=\"wpb-content-wrapper\"><p>[vc_row][vc_column reveal_effect=&#8221;fadeIn&#8221; reveal_duration=&#8221;0.7&#8243; reveal_delay=&#8221;0.1&#8243;][lab_heading title_tag=&#8221;H1&#8243; title=&#8221;Nosotros.&#8221;][\/lab_heading][\/vc_column][\/vc_row][vc_row][vc_column width=&#8221;5\/12&#8243; reveal_effect=&#8221;fadeIn&#8221; reveal_duration=&#8221;1&#8243; reveal_delay=&#8221;0.3&#8243;][vc_single_image image=&#8221;4031&#8243; img_size=&#8221;full&#8221;][\/vc_column][vc_column width=&#8221;7\/12&#8243; reveal_effect=&#8221;fadeIn&#8221; reveal_duration=&#8221;1.5&#8243; reveal_delay=&#8221;0.5&#8243;][lab_scroll_box scroll_height=&#8221;492&#8243; css=&#8221;.vc_custom_1484151031142{padding-top: 30px !important;padding-right: 15px !important;padding-bottom: 45px !important;padding-left: 45px !important;background-color: #eeeeee !important;}&#8221;][\/lab_scroll_box][vc_row][\/vc_row][vc_column][\/vc_column][vc_column_text css=&#8221;.vc_custom_1552863383673{margin-right: 200px !important;margin-left: 200px !important;}&#8221;] &#8220;Somos un equipo de profesionales compuesto por Psic\u00f3logos, Psicoterapeutas, Psicopedagogos, Coaches, Educadores, formadores y dedicamos nuestro d\u00eda a d\u00eda, conocimientos, experiencia y pasi\u00f3n a mejorar y aportar bienestar en las personas y las organizaciones.&#8221;[\/vc_column_text][\/vc_column][\/vc_row]<\/p>\n<\/div>","protected":false},"excerpt":{"rendered":"<p>[vc_row][vc_column reveal_effect=&#8221;fadeIn&#8221; reveal_duration=&#8221;0.7&#8243; reveal_delay=&#8221;0.1&#8243;][lab_heading title_tag=&#8221;H1&#8243; title=&#8221;Nosotros.&#8221;][\/lab_heading][\/vc_column][\/vc_row][vc_row][vc_column width=&#8221;5\/12&#8243; reveal_effect=&#8221;fadeIn&#8221; reveal_duration=&#8221;1&#8243; reveal_delay=&#8221;0.3&#8243;][vc_single_image image=&#8221;4031&#8243; img_size=&#8221;full&#8221;][\/vc_column][vc_column width=&#8221;7\/12&#8243; reveal_effect=&#8221;fadeIn&#8221; reveal_duration=&#8221;1.5&#8243; reveal_delay=&#8221;0.5&#8243;][lab_scroll_box scroll_height=&#8221;492&#8243; css=&#8221;.vc_custom_1484151031142{padding-top: 30px !important;padding-right: 15px !important;padding-bottom: 45px !important;padding-left: 45px !important;background-color: #eeeeee !important;}&#8221;][\/lab_scroll_box][vc_row][\/vc_row][vc_column][\/vc_column][vc_column_text css=&#8221;.vc_custom_1552863383673{margin-right: 200px !important;margin-left: 200px !important;}&#8221;] &#8220;Somos un equipo de profesionales compuesto por Psic\u00f3logos, Psicoterapeutas, Psicopedagogos, Coaches, Educadores, formadores y dedicamos nuestro d\u00eda a d\u00eda, conocimientos, experiencia y&hellip;<\/p>\n","protected":false},"author":2,"featured_media":0,"parent":0,"menu_order":0,"comment_status":"open","ping_status":"open","template":"","meta":{"_acf_changed":false,"footnotes":""},"class_list":["post-2167","page","type-page","status-publish","hentry"],"acf":[],"_links":{"self":[{"href":"https:\/\/www.neopersona.es\/index.php\/wp-json\/wp\/v2\/pages\/2167","targetHints":{"allow":["GET"]}}],"collection":[{"href":"https:\/\/www.neopersona.es\/index.php\/wp-json\/wp\/v2\/pages"}],"about":[{"href":"https:\/\/www.neopersona.es\/index.php\/wp-json\/wp\/v2\/types\/page"}],"author":[{"embeddable":true,"href":"https:\/\/www.neopersona.es\/index.php\/wp-json\/wp\/v2\/users\/2"}],"replies":[{"embeddable":true,"href":"https:\/\/www.neopersona.es\/index.php\/wp-json\/wp\/v2\/comments?post=2167"}],"version-history":[{"count":7,"href":"https:\/\/www.neopersona.es\/index.php\/wp-json\/wp\/v2\/pages\/2167\/revisions"}],"predecessor-version":[{"id":4484,"href":"https:\/\/www.neopersona.es\/index.php\/wp-json\/wp\/v2\/pages\/2167\/revisions\/4484"}],"wp:attachment":[{"href":"https:\/\/www.neopersona.es\/index.php\/wp-json\/wp\/v2\/media?parent=2167"}],"curies":[{"name":"wp","href":"https:\/\/api.w.org\/{rel}","templated":true}]}}